{"id":34,"date":"2017-07-01T12:05:50","date_gmt":"2017-07-01T10:05:50","guid":{"rendered":"https:\/\/vpstilbud.viborg.nu\/?page_id=34"},"modified":"2017-07-01T16:47:29","modified_gmt":"2017-07-01T14:47:29","slug":"dette-kvartals-vinder-af-vor-intensive-vps-test-er-fundet","status":"publish","type":"page","link":"https:\/\/vpstilbud.viborg.nu\/index.php\/dette-kvartals-vinder-af-vor-intensive-vps-test-er-fundet\/","title":{"rendered":"Dette kvartals vinder af vor intensive VPS test er fundet!"},"content":{"rendered":"<p>De seneste 3 m\u00e5neder har vi testet de 12 bedste Virtual Private Server (VPS) hostingselskaber i Europa.<\/p>\n<p>Vi har testet p\u00e5 alle kendte parametre og virkelig udf\u00f8rt stresstest i en s\u00e5dan grad, at hardwaren er trukket til det yderste for at vi har kunnet se om hardwaren holdt hvad udbyderen lovede.<\/p>\n<p>Det har v\u00e6ret meget sp\u00e6ndende og interessant, at teste de forskellige udbydere og \u00e9t af de fakta vi har udledt i denne test, er at her g\u00e6lder det faktuelt at &#8216;big is better&#8217;&#8230;<\/p>\n<p>Det er utroligt nemt, at underdimensionere sin nye Virtual Private Server (VPS), men man kan n\u00e6sten ikke overdimensionere en VPS&#8230;<\/p>\n<p>De fleste som investerer i en Virtual Private Server (VPS), g\u00f8r det fordi en egentlig dedikeret server m\u00e5ske er &#8216;overkill&#8217; til form\u00e5let, mens en almindelig shared webhosting, ogs\u00e5 kaldet &#8216;webhotel&#8217; er for mangelfuld og desuden ikke har s\u00e5kaldt root access, alts\u00e5 adgang til at pille i det inderste af &#8216;motoren&#8217; p\u00e5 en Virtual Private Server (VPS)<\/p>\n<p>Vi har i denne test ikke benyttet s\u00e5kaldte &#8216;managed solutions&#8217;, alts\u00e5 VPS hvor udbyderen s\u00f8rger for at opdatere software og lignende, da dette som oftest betyder, at man ikke selv har adgang til root samt at man har andre restriktioner<\/p>\n<p>Vi vil p\u00e5 et andet tidspunkt teste denne type Virtual Private Server (VPS) med managed solutions<\/p>\n<p>F\u00e6lles for alle l\u00f8sninger er, at de tilbyder bl.a. DDoS beskyttelse, IPv4\/IPv6,ubegr\u00e6nset trafik samt 100% SSD<\/p>\n<p>I vor udv\u00e6lgelse af de 12 kandidater, s\u00e5 vi klart at mange udbydere virkelig malker VPS koen i en s\u00e5 voldsom grad, at mange alene p\u00e5 grund af voldsomt opskruede priser, blev fravalgt&#8230;<\/p>\n<p>Nogle udbydere har s\u00e5 voldsomme priser p\u00e5 deres Virtual Private Servers, at man lige s\u00e5 godt kan v\u00e6lge en dedikeret server fremfor, at benytte en af deres ekstremt dyre VPS l\u00f8sninger &#8211; vi fandt s\u00e5ledes ingen danske VPS l\u00f8sninger som kunne konkurrere med de 12 europ\u00e6isk udvalgte\u00a0 VPS hostingudbydere &#8211; de danske l\u00f8sninger pr\u00f8ver i stedet at sl\u00e5 p\u00e5 at de er &#8216;danske&#8217; og at dette skulle v\u00e6re et langt bedre parameter end en ordentlig hardwarekonfiguration &#8211; det er det ikke&#8230; &#8211; i &#8216;gamle dage&#8217; med uendeligt langsomme internetforbindelser, var det rimeligt vigtigt, at man havde sine webaktiviteter p\u00e5 &#8216;dansk grund&#8217;, men nu om dage har dette jo ingen praktisk betydning &#8211; der kan ligge en ganske lille fordel i at have en dansk IP adresse, men i det samlede SEO univers er dette parameter ikke s\u00e5 altoverskyggende et parameter, at man beh\u00f8ver at bruge specifikt megen tid p\u00e5 den detalje<\/p>\n<p>De 3 bedste vi fandt over det seneste kvartal, ligger alle i nogenlunde samme prisramme og fremfor alt i nogenlunde samme hardware konfiguration, dog med en enkelt helt i spidsen p\u00e5 b\u00e5de pris og hardware og testen har s\u00e5 ogs\u00e5 vist, at man her virkelig f\u00e5r en meget potent l\u00f8sning som virkelig laver en god gang &#8216;kickass&#8217; p\u00e5 de n\u00e6rmeste konkurrenter&#8230;<\/p>\n<p>For en god ordens skyld, skal vi ogs\u00e5 n\u00e6vne, at vi ikke er affilliate eller resellers for nogle af de 3 topkandidater, s\u00e5 vor bed\u00f8mmelse er s\u00e5 objektiv som det nu engang er muligt, n\u00e5r en bed\u00f8mmelse skal udf\u00f8res.<\/p>\n<p>VPS Crew er ligesom alle andre p\u00e5 https:\/\/viborg.nu portalsystemet frivillige og ul\u00f8nnede medarbejdere, som arbejder fordi det interesserer os og fordi vi gerne vil hj\u00e6lpe andre med at finde de absolut bedste tilbud &#8211; det betyder, at alle tests er betalt af frivillige bidrag til Viborg.nu eller ag VPS Crew medlemmerne selv &#8211; ingen af udbyderne har s\u00e5ledes p\u00e5 forh\u00e5nd vidst, at vi var igang med at teste dem og har s\u00e5ledes ikke p\u00e5 nogen m\u00e5de kunnet forbedre ydelserne eller lignende, ligesom de ikke har stillet VPS til r\u00e5dighed for tests<\/p>\n<p>Vi finder, at det er den absolut mest fair m\u00e5de at teste denne type systemer og ogs\u00e5 mest fair for udbyderne.<\/p>\n<p>Da alle aktiviteter p\u00e5 Viborg.nu er financieret af frivillige bidrag, vil vi v\u00e6re lykkelige for alle bidrag &#8211; store som sm\u00e5 &#8211; som vi modtager via donationer &#8211; du kan donere et bidrag til os herunder:<\/p>\n<form action=\"https:\/\/www.paypal.com\/cgi-bin\/webscr\" method=\"post\" target=\"_top\"><input name=\"cmd\" type=\"hidden\" value=\"_s-xclick\" \/><br \/>\n<input name=\"hosted_button_id\" type=\"hidden\" value=\"AALKR3JZLFHTA\" \/><br \/>\n<input alt=\"PayPal \u2013 den sikre og nemme m\u00e5de at betale p\u00e5 nettet.\" name=\"submit\" src=\"https:\/\/www.paypalobjects.com\/da_DK\/DK\/i\/btn\/btn_donateCC_LG.gif\" type=\"image\" \/><br \/>\n<img loading=\"lazy\" decoding=\"async\" src=\"https:\/\/www.paypalobjects.com\/da_DK\/i\/scr\/pixel.gif\" alt=\"\" width=\"1\" height=\"1\" border=\"0\" \/><\/form>\n<p>Du finder vore bed\u00f8mmelser og testbeskrivelser af de 3 testvindere her &#8211; klik p\u00e5 navnet for at komme til bed\u00f8mmelsen:<\/p>\n<ol>\n<li>pladsen g\u00e5r til <a href=\"https:\/\/vpstilbud.viborg.nu\/index.php\/testvinder-20172-er-contabo-vps\/\" target=\"_blank\" rel=\"noopener\">CONTABO<\/a><\/li>\n<li>pladsen g\u00e5r til <a href=\"https:\/\/vpstilbud.viborg.nu\/index.php\/en-flot-2-plads-til-hosteurope\/\" target=\"_blank\" rel=\"noopener\">HOSTEUROPE<\/a><\/li>\n<li>pladsen g\u00e5r til <a href=\"https:\/\/wp.me\/P8Rpj2-E\" target=\"_blank\" rel=\"noopener\">HETZNER<\/a><\/li>\n<\/ol>\n","protected":false},"excerpt":{"rendered":"<p>De seneste 3 m\u00e5neder har vi testet de 12 bedste Virtual Private Server (VPS) hostingselskaber i Europa. Vi har testet p\u00e5 alle kendte parametre og virkelig udf\u00f8rt stresstest i en s\u00e5dan grad, at hardwaren er trukket til det yderste for at vi har kunnet se om hardwaren holdt hvad udbyderen lovede. Det har v\u00e6ret meget [&hellip;]<\/p>\n","protected":false},"author":1,"featured_media":0,"parent":0,"menu_order":0,"comment_status":"closed","ping_status":"closed","template":"","meta":{"jetpack_post_was_ever_published":false,"footnotes":""},"class_list":["post-34","page","type-page","status-publish","hentry"],"aioseo_notices":[],"jetpack_sharing_enabled":true,"jetpack_shortlink":"https:\/\/wp.me\/P8Rpj2-y","jetpack-related-posts":[{"id":47,"url":"https:\/\/vpstilbud.viborg.nu\/index.php\/en-flot-2-plads-til-hosteurope\/","url_meta":{"origin":34,"position":0},"title":"En flot 2. plads til Hosteurope&#8230;","author":"admin","date":"1. juli 2017","format":false,"excerpt":"Det m\u00e5 siges med det samme, det var en ren forn\u00f8jelse at teste Virtual Private Servere (VPS) hos Hosteurope! Her er der ingen slinger i valsen, ordnung muss sein og det er der absolut hos Hosteurope - ingen tvivl om det. \u00a0 Alle VPS l\u00f8sninger k\u00f8rer 100% p\u00e5 SSD diske\u2026","rel":"","context":"Similar post","block_context":{"text":"Similar post","link":""},"img":{"alt_text":"vps,virtual,private,server,hosteurope,test,europe,europa","src":"https:\/\/i0.wp.com\/vpstilbud.viborg.nu\/wp-content\/uploads\/2017\/07\/hosteur%C3%B3pessd.jpg?resize=350%2C200&ssl=1","width":350,"height":200,"srcset":"https:\/\/i0.wp.com\/vpstilbud.viborg.nu\/wp-content\/uploads\/2017\/07\/hosteur%C3%B3pessd.jpg?resize=350%2C200&ssl=1 1x, https:\/\/i0.wp.com\/vpstilbud.viborg.nu\/wp-content\/uploads\/2017\/07\/hosteur%C3%B3pessd.jpg?resize=525%2C300&ssl=1 1.5x, https:\/\/i0.wp.com\/vpstilbud.viborg.nu\/wp-content\/uploads\/2017\/07\/hosteur%C3%B3pessd.jpg?resize=700%2C400&ssl=1 2x"},"classes":[]},{"id":40,"url":"https:\/\/vpstilbud.viborg.nu\/index.php\/en-god-praestation-men-3-plads-til-hetzner\/","url_meta":{"origin":34,"position":1},"title":"En god pr\u00e6station, men 3. plads til Hetzner","author":"admin","date":"1. juli 2017","format":false,"excerpt":"Hvis man er til virkelig at n\u00f8rde omkring sin Virtual Private Server (VPS) l\u00f8sning, s\u00e5 er HETZNER et virkeligt godt bud p\u00e5 din nye VPS hostudbyder. Du kan via et omfangsrigt betjeningspanel stille p\u00e5 n\u00e6sten alle parametre, du kan k\u00f8re i s\u00e5kaldt 'rescue-mode', hvor du kan n\u00f8rde omkring forskellige settings\u2026","rel":"","context":"Similar post","block_context":{"text":"Similar post","link":""},"img":{"alt_text":"vps,virtual,private,server,hetzner,europa,europe","src":"https:\/\/i0.wp.com\/vpstilbud.viborg.nu\/wp-content\/uploads\/2017\/07\/hetznerssdvps.jpg?resize=350%2C200&ssl=1","width":350,"height":200,"srcset":"https:\/\/i0.wp.com\/vpstilbud.viborg.nu\/wp-content\/uploads\/2017\/07\/hetznerssdvps.jpg?resize=350%2C200&ssl=1 1x, https:\/\/i0.wp.com\/vpstilbud.viborg.nu\/wp-content\/uploads\/2017\/07\/hetznerssdvps.jpg?resize=525%2C300&ssl=1 1.5x"},"classes":[]},{"id":50,"url":"https:\/\/vpstilbud.viborg.nu\/index.php\/testvinder-20172-er-contabo-vps\/","url_meta":{"origin":34,"position":2},"title":"Testvinder 2017\/2 er CONTABO VPS","author":"admin","date":"1. juli 2017","format":false,"excerpt":"Der er ingen tvivl om, at Tyskland absolut er kampplads for Europas bedste Virtual Private Server (VPS) hostingudbydere! Alene det faktum, at alle 3 topplaceringer i vor test for 2. kvartal af 2017 om bedste VPS l\u00f8sning i Europa, kommer fra Tyskland, vidner om at det tyske VPS marked er\u2026","rel":"","context":"Similar post","block_context":{"text":"Similar post","link":""},"img":{"alt_text":"vps,virtual,private,server,test,vinder,winner,europa,europe","src":"https:\/\/i0.wp.com\/vpstilbud.viborg.nu\/wp-content\/uploads\/2017\/07\/contabopriservps.jpg?resize=350%2C200&ssl=1","width":350,"height":200,"srcset":"https:\/\/i0.wp.com\/vpstilbud.viborg.nu\/wp-content\/uploads\/2017\/07\/contabopriservps.jpg?resize=350%2C200&ssl=1 1x, https:\/\/i0.wp.com\/vpstilbud.viborg.nu\/wp-content\/uploads\/2017\/07\/contabopriservps.jpg?resize=525%2C300&ssl=1 1.5x, https:\/\/i0.wp.com\/vpstilbud.viborg.nu\/wp-content\/uploads\/2017\/07\/contabopriservps.jpg?resize=700%2C400&ssl=1 2x"},"classes":[]}],"jetpack_likes_enabled":true,"_links":{"self":[{"href":"https:\/\/vpstilbud.viborg.nu\/index.php\/wp-json\/wp\/v2\/pages\/34","targetHints":{"allow":["GET"]}}],"collection":[{"href":"https:\/\/vpstilbud.viborg.nu\/index.php\/wp-json\/wp\/v2\/pages"}],"about":[{"href":"https:\/\/vpstilbud.viborg.nu\/index.php\/wp-json\/wp\/v2\/types\/page"}],"author":[{"embeddable":true,"href":"https:\/\/vpstilbud.viborg.nu\/index.php\/wp-json\/wp\/v2\/users\/1"}],"replies":[{"embeddable":true,"href":"https:\/\/vpstilbud.viborg.nu\/index.php\/wp-json\/wp\/v2\/comments?post=34"}],"version-history":[{"count":16,"href":"https:\/\/vpstilbud.viborg.nu\/index.php\/wp-json\/wp\/v2\/pages\/34\/revisions"}],"predecessor-version":[{"id":85,"href":"https:\/\/vpstilbud.viborg.nu\/index.php\/wp-json\/wp\/v2\/pages\/34\/revisions\/85"}],"wp:attachment":[{"href":"https:\/\/vpstilbud.viborg.nu\/index.php\/wp-json\/wp\/v2\/media?parent=34"}],"curies":[{"name":"wp","href":"https:\/\/api.w.org\/{rel}","templated":true}]}}