{"id":47,"date":"2017-07-01T12:10:24","date_gmt":"2017-07-01T10:10:24","guid":{"rendered":"https:\/\/vpstilbud.viborg.nu\/?page_id=47"},"modified":"2017-07-01T16:14:55","modified_gmt":"2017-07-01T14:14:55","slug":"en-flot-2-plads-til-hosteurope","status":"publish","type":"page","link":"https:\/\/vpstilbud.viborg.nu\/index.php\/en-flot-2-plads-til-hosteurope\/","title":{"rendered":"En flot 2. plads til Hosteurope&#8230;"},"content":{"rendered":"<p>Det m\u00e5 siges med det samme, det var en ren forn\u00f8jelse at teste Virtual Private Servere (VPS) hos <a href=\"https:\/\/www.hosteurope.de\/Server\/Virtual-Server\/\" target=\"_blank\" rel=\"noopener\">Hosteurope<\/a>!<\/p>\n<figure id=\"attachment_48\" aria-describedby=\"caption-attachment-48\" style=\"width: 947px\" class=\"wp-caption aligncenter\"><img data-recalc-dims=\"1\" loading=\"lazy\" decoding=\"async\" data-attachment-id=\"48\" data-permalink=\"https:\/\/vpstilbud.viborg.nu\/index.php\/en-flot-2-plads-til-hosteurope\/hosteuropessd\/\" data-orig-file=\"https:\/\/i0.wp.com\/vpstilbud.viborg.nu\/wp-content\/uploads\/2017\/07\/hosteur%C3%B3pessd.jpg?fit=947%2C467&amp;ssl=1\" data-orig-size=\"947,467\" data-comments-opened=\"1\" data-image-meta=\"{&quot;aperture&quot;:&quot;0&quot;,&quot;credit&quot;:&quot;&quot;,&quot;camera&quot;:&quot;&quot;,&quot;caption&quot;:&quot;&quot;,&quot;created_timestamp&quot;:&quot;0&quot;,&quot;copyright&quot;:&quot;&quot;,&quot;focal_length&quot;:&quot;0&quot;,&quot;iso&quot;:&quot;0&quot;,&quot;shutter_speed&quot;:&quot;0&quot;,&quot;title&quot;:&quot;&quot;,&quot;orientation&quot;:&quot;0&quot;}\" data-image-title=\"hosteur\u00f3pessd\" data-image-description=\"&lt;p&gt;VPS priser hos Hosteurope juni 2017&lt;\/p&gt;\n\" data-image-caption=\"&lt;p&gt;VPS priser hos Hosteurope juni 2017&lt;\/p&gt;\n\" data-large-file=\"https:\/\/i0.wp.com\/vpstilbud.viborg.nu\/wp-content\/uploads\/2017\/07\/hosteur%C3%B3pessd.jpg?fit=947%2C467&amp;ssl=1\" class=\"wp-image-48 size-full\" src=\"https:\/\/i0.wp.com\/vpstilbud.viborg.nu\/wp-content\/uploads\/2017\/07\/hosteur%C3%B3pessd.jpg?resize=947%2C467&#038;ssl=1\" alt=\"vps,virtual,private,server,hosteurope,test,europe,europa\" width=\"947\" height=\"467\" srcset=\"https:\/\/i0.wp.com\/vpstilbud.viborg.nu\/wp-content\/uploads\/2017\/07\/hosteur%C3%B3pessd.jpg?w=947&amp;ssl=1 947w, https:\/\/i0.wp.com\/vpstilbud.viborg.nu\/wp-content\/uploads\/2017\/07\/hosteur%C3%B3pessd.jpg?resize=300%2C148&amp;ssl=1 300w, https:\/\/i0.wp.com\/vpstilbud.viborg.nu\/wp-content\/uploads\/2017\/07\/hosteur%C3%B3pessd.jpg?resize=768%2C379&amp;ssl=1 768w\" sizes=\"auto, (max-width: 947px) 100vw, 947px\" \/><figcaption id=\"caption-attachment-48\" class=\"wp-caption-text\">VPS priser hos Hosteurope juni 2017<\/figcaption><\/figure>\n<p>Her er der ingen slinger i valsen, ordnung muss sein og det er der absolut hos <a href=\"https:\/\/www.hosteurope.de\/Server\/Virtual-Server\/\" target=\"_blank\" rel=\"noopener\">Hosteurope <\/a>&#8211; ingen tvivl om det.<\/p>\n<p>&nbsp;<\/p>\n<p>Alle VPS l\u00f8sninger k\u00f8rer 100% p\u00e5 SSD diske og man f\u00e5r egentlig ganske meget for sine penge i disse l\u00f8sninger, blandt andet tilbydes webkontrolpanel installeret som inklusive prisen (Plesk Onyx), selvom man ogs\u00e5 kan v\u00e6lge ikke at f\u00e5 dette med i prisen &#8211; det giver dog ikke en reduktion i prisen, s\u00e5 de fleste v\u00e6lger nok at f\u00e5 det med<\/p>\n<p>Er man VPS n\u00f8rd, kan man ogs\u00e5 v\u00e6lge andre l\u00f8sninger eller en helt barebone l\u00f8sning &#8211; prisen er dog den samme<\/p>\n<p>Man kan v\u00e6lge mellem flere styresystemer, Linux som s\u00e6dvanlig gratis, mens Windows Server 2012 er en betalt l\u00f8sning &#8211; man skal dog kun betale en m\u00e5nedlig leje og ikke hive betaling op for en permanent licens<\/p>\n<p>Hardwaren spiller us\u00e6dvanligt godt og har man dimensioneret sin Virtual Private Server korrekt efter sit behov, vil man have en Virtual Private Server som spiller helt perfekt<\/p>\n<p>I forhold til denne tests nummer 3, f\u00e5r man n\u00e6sten &#8216;dobbelt-op&#8217; p\u00e5 b\u00e5de power og SSD plads og havde prisen v\u00e6ret lavere, havde <a href=\"https:\/\/www.hosteurope.de\/Server\/Virtual-Server\/\" target=\"_blank\" rel=\"noopener\">Hosteurope <\/a>afgjort v\u00e6ret meget t\u00e6ttere p\u00e5 en 1. plads i denne test<\/p>\n<p>Hosteurope har en del fordele, her f\u00e5r du bl.a. gratis daglig backup, et super kontrolpanel til selve VPS&#8217; en, som har et hav af features,gratis SSL certifikat (de fleste v\u00e6lger dog at have Let\u00b4s Encrypt p\u00e5 egen server s\u00e5 man selv kan udstede gratis SSL certifikater til b\u00e5de dom\u00e6ner og subdom\u00e6ner)<\/p>\n<p>Af minusser kan n\u00e6vnes, at <a href=\"https:\/\/www.hosteurope.de\/Server\/Virtual-Server\/\" target=\"_blank\" rel=\"noopener\">Hosteurope <\/a>desv\u00e6rre ikke tilbyder 1Gbit p\u00e5 disse l\u00f8sninger, men kun 100Mbit samt at der ikke ydes support i weekends samt helligdage<\/p>\n<p>&nbsp;<\/p>\n<p>Ingen tvivl om, at du f\u00e5r en super stabil og st\u00e6rk Virtual Private Server hos Hosteurope som vinder dette \u00e5rs 2. plads &#8211; se mere hos\u00a0 <a href=\"https:\/\/www.hosteurope.de\/Server\/Virtual-Server\/\" target=\"_blank\" rel=\"noopener\">https:\/\/www.hosteurope.de\/Server\/Virtual-Server\/<\/a><\/p>\n","protected":false},"excerpt":{"rendered":"<p>Det m\u00e5 siges med det samme, det var en ren forn\u00f8jelse at teste Virtual Private Servere (VPS) hos Hosteurope! Her er der ingen slinger i valsen, ordnung muss sein og det er der absolut hos Hosteurope &#8211; ingen tvivl om det. &nbsp; Alle VPS l\u00f8sninger k\u00f8rer 100% p\u00e5 SSD diske og man f\u00e5r egentlig ganske [&hellip;]<\/p>\n","protected":false},"author":1,"featured_media":0,"parent":0,"menu_order":0,"comment_status":"closed","ping_status":"closed","template":"","meta":{"jetpack_post_was_ever_published":false,"footnotes":""},"class_list":["post-47","page","type-page","status-publish","hentry"],"aioseo_notices":[],"jetpack_sharing_enabled":true,"jetpack_shortlink":"https:\/\/wp.me\/P8Rpj2-L","jetpack-related-posts":[{"id":50,"url":"https:\/\/vpstilbud.viborg.nu\/index.php\/testvinder-20172-er-contabo-vps\/","url_meta":{"origin":47,"position":0},"title":"Testvinder 2017\/2 er CONTABO VPS","author":"admin","date":"1. juli 2017","format":false,"excerpt":"Der er ingen tvivl om, at Tyskland absolut er kampplads for Europas bedste Virtual Private Server (VPS) hostingudbydere! Alene det faktum, at alle 3 topplaceringer i vor test for 2. kvartal af 2017 om bedste VPS l\u00f8sning i Europa, kommer fra Tyskland, vidner om at det tyske VPS marked er\u2026","rel":"","context":"Similar post","block_context":{"text":"Similar post","link":""},"img":{"alt_text":"vps,virtual,private,server,test,vinder,winner,europa,europe","src":"https:\/\/i0.wp.com\/vpstilbud.viborg.nu\/wp-content\/uploads\/2017\/07\/contabopriservps.jpg?resize=350%2C200&ssl=1","width":350,"height":200,"srcset":"https:\/\/i0.wp.com\/vpstilbud.viborg.nu\/wp-content\/uploads\/2017\/07\/contabopriservps.jpg?resize=350%2C200&ssl=1 1x, https:\/\/i0.wp.com\/vpstilbud.viborg.nu\/wp-content\/uploads\/2017\/07\/contabopriservps.jpg?resize=525%2C300&ssl=1 1.5x, https:\/\/i0.wp.com\/vpstilbud.viborg.nu\/wp-content\/uploads\/2017\/07\/contabopriservps.jpg?resize=700%2C400&ssl=1 2x"},"classes":[]},{"id":34,"url":"https:\/\/vpstilbud.viborg.nu\/index.php\/dette-kvartals-vinder-af-vor-intensive-vps-test-er-fundet\/","url_meta":{"origin":47,"position":1},"title":"Dette kvartals vinder af vor intensive VPS test er fundet!","author":"admin","date":"1. juli 2017","format":false,"excerpt":"De seneste 3 m\u00e5neder har vi testet de 12 bedste Virtual Private Server (VPS) hostingselskaber i Europa. Vi har testet p\u00e5 alle kendte parametre og virkelig udf\u00f8rt stresstest i en s\u00e5dan grad, at hardwaren er trukket til det yderste for at vi har kunnet se om hardwaren holdt hvad udbyderen\u2026","rel":"","context":"Similar post","block_context":{"text":"Similar post","link":""},"img":{"alt_text":"","src":"https:\/\/www.paypalobjects.com\/da_DK\/i\/scr\/pixel.gif","width":350,"height":200},"classes":[]},{"id":40,"url":"https:\/\/vpstilbud.viborg.nu\/index.php\/en-god-praestation-men-3-plads-til-hetzner\/","url_meta":{"origin":47,"position":2},"title":"En god pr\u00e6station, men 3. plads til Hetzner","author":"admin","date":"1. juli 2017","format":false,"excerpt":"Hvis man er til virkelig at n\u00f8rde omkring sin Virtual Private Server (VPS) l\u00f8sning, s\u00e5 er HETZNER et virkeligt godt bud p\u00e5 din nye VPS hostudbyder. Du kan via et omfangsrigt betjeningspanel stille p\u00e5 n\u00e6sten alle parametre, du kan k\u00f8re i s\u00e5kaldt 'rescue-mode', hvor du kan n\u00f8rde omkring forskellige settings\u2026","rel":"","context":"Similar post","block_context":{"text":"Similar post","link":""},"img":{"alt_text":"vps,virtual,private,server,hetzner,europa,europe","src":"https:\/\/i0.wp.com\/vpstilbud.viborg.nu\/wp-content\/uploads\/2017\/07\/hetznerssdvps.jpg?resize=350%2C200&ssl=1","width":350,"height":200,"srcset":"https:\/\/i0.wp.com\/vpstilbud.viborg.nu\/wp-content\/uploads\/2017\/07\/hetznerssdvps.jpg?resize=350%2C200&ssl=1 1x, https:\/\/i0.wp.com\/vpstilbud.viborg.nu\/wp-content\/uploads\/2017\/07\/hetznerssdvps.jpg?resize=525%2C300&ssl=1 1.5x"},"classes":[]}],"jetpack_likes_enabled":true,"_links":{"self":[{"href":"https:\/\/vpstilbud.viborg.nu\/index.php\/wp-json\/wp\/v2\/pages\/47","targetHints":{"allow":["GET"]}}],"collection":[{"href":"https:\/\/vpstilbud.viborg.nu\/index.php\/wp-json\/wp\/v2\/pages"}],"about":[{"href":"https:\/\/vpstilbud.viborg.nu\/index.php\/wp-json\/wp\/v2\/types\/page"}],"author":[{"embeddable":true,"href":"https:\/\/vpstilbud.viborg.nu\/index.php\/wp-json\/wp\/v2\/users\/1"}],"replies":[{"embeddable":true,"href":"https:\/\/vpstilbud.viborg.nu\/index.php\/wp-json\/wp\/v2\/comments?post=47"}],"version-history":[{"count":3,"href":"https:\/\/vpstilbud.viborg.nu\/index.php\/wp-json\/wp\/v2\/pages\/47\/revisions"}],"predecessor-version":[{"id":80,"href":"https:\/\/vpstilbud.viborg.nu\/index.php\/wp-json\/wp\/v2\/pages\/47\/revisions\/80"}],"wp:attachment":[{"href":"https:\/\/vpstilbud.viborg.nu\/index.php\/wp-json\/wp\/v2\/media?parent=47"}],"curies":[{"name":"wp","href":"https:\/\/api.w.org\/{rel}","templated":true}]}}