{"id":50,"date":"2017-07-01T12:09:45","date_gmt":"2017-07-01T10:09:45","guid":{"rendered":"https:\/\/vpstilbud.viborg.nu\/?page_id=50"},"modified":"2017-07-01T16:16:38","modified_gmt":"2017-07-01T14:16:38","slug":"testvinder-20172-er-contabo-vps","status":"publish","type":"page","link":"https:\/\/vpstilbud.viborg.nu\/index.php\/testvinder-20172-er-contabo-vps\/","title":{"rendered":"Testvinder 2017\/2 er CONTABO VPS"},"content":{"rendered":"<p>Der er ingen tvivl om, at Tyskland absolut er kampplads for Europas bedste Virtual Private Server (VPS) hostingudbydere!<\/p>\n<figure id=\"attachment_53\" aria-describedby=\"caption-attachment-53\" style=\"width: 763px\" class=\"wp-caption aligncenter\"><img data-recalc-dims=\"1\" loading=\"lazy\" decoding=\"async\" data-attachment-id=\"53\" data-permalink=\"https:\/\/vpstilbud.viborg.nu\/index.php\/testvinder-20172-er-contabo-vps\/contabopriservps\/\" data-orig-file=\"https:\/\/i0.wp.com\/vpstilbud.viborg.nu\/wp-content\/uploads\/2017\/07\/contabopriservps.jpg?fit=763%2C279&amp;ssl=1\" data-orig-size=\"763,279\" data-comments-opened=\"1\" data-image-meta=\"{&quot;aperture&quot;:&quot;0&quot;,&quot;credit&quot;:&quot;&quot;,&quot;camera&quot;:&quot;&quot;,&quot;caption&quot;:&quot;&quot;,&quot;created_timestamp&quot;:&quot;0&quot;,&quot;copyright&quot;:&quot;&quot;,&quot;focal_length&quot;:&quot;0&quot;,&quot;iso&quot;:&quot;0&quot;,&quot;shutter_speed&quot;:&quot;0&quot;,&quot;title&quot;:&quot;&quot;,&quot;orientation&quot;:&quot;0&quot;}\" data-image-title=\"contabopriservps\" data-image-description=\"&lt;p&gt;VPS testvinder 2017\/2 &amp;#8211; CONTABO.COM&lt;\/p&gt;\n\" data-image-caption=\"&lt;p&gt;VPS testvinder 2017\/2 &amp;#8211; CONTABO.COM&lt;\/p&gt;\n\" data-large-file=\"https:\/\/i0.wp.com\/vpstilbud.viborg.nu\/wp-content\/uploads\/2017\/07\/contabopriservps.jpg?fit=763%2C279&amp;ssl=1\" class=\"size-full wp-image-53\" src=\"https:\/\/i0.wp.com\/vpstilbud.viborg.nu\/wp-content\/uploads\/2017\/07\/contabopriservps.jpg?resize=763%2C279&#038;ssl=1\" alt=\"vps,virtual,private,server,test,vinder,winner,europa,europe\" width=\"763\" height=\"279\" srcset=\"https:\/\/i0.wp.com\/vpstilbud.viborg.nu\/wp-content\/uploads\/2017\/07\/contabopriservps.jpg?w=763&amp;ssl=1 763w, https:\/\/i0.wp.com\/vpstilbud.viborg.nu\/wp-content\/uploads\/2017\/07\/contabopriservps.jpg?resize=300%2C110&amp;ssl=1 300w\" sizes=\"auto, (max-width: 763px) 100vw, 763px\" \/><figcaption id=\"caption-attachment-53\" class=\"wp-caption-text\">VPS testvinder 2017\/2 &#8211; CONTABO.COM<\/figcaption><\/figure>\n<p>Alene det faktum, at alle 3 topplaceringer i vor test for 2. kvartal af 2017 om bedste VPS l\u00f8sning i Europa, kommer fra Tyskland, vidner om at det tyske VPS marked er pr\u00e6get af meget h\u00f8j konkurrence hostingselskaberne imellem, men ogs\u00e5 i aller h\u00f8jeste grad af kvalitet!<\/p>\n<p>Ved at v\u00e6lge en tysk Virtual Private Server (VPS) l\u00f8sning, er man stort set sikker p\u00e5, at man p\u00e5 hardware siden f\u00e5r absolut topkvalitet samt at man f\u00e5r en pris som ligger milevidt fra hvad man skal betale for lignende VPS l\u00f8sninger i f.eks. Holland, Frankrig eller England&#8230;<\/p>\n<p>&nbsp;<\/p>\n<p>Denne tests testvinder er med absolut topkarakter <a href=\"https:\/\/contabo.com\/?show=vps\" target=\"_blank\" rel=\"noopener\">CONTABO.COM<\/a><\/p>\n<p>&nbsp;<\/p>\n<p>Hvis man kender priserne p\u00e5 Virtual Private Server rundt omkring i Verden, f\u00e5r man det lidt ligesom et barn med frie h\u00e6nder i en slikbutik, n\u00e5r man ser priserne p\u00e5 Virtual Private Servere (VPS) ved Contabo &#8211; man tror ikke helt p\u00e5 det er rigtigt og at der m\u00e5 stikke noget under et eller andet sted&#8230;<\/p>\n<p>Man checker derfor f.eks. anmeldelser af deres VPS l\u00f8sninger rundt omkring, men alt ser fint ud og til de priser, m\u00e5 man da bare pr\u00f8ve for at se om de holder hvad de lover..<\/p>\n<p>Eksempelvis koster f.eks. 6 Core CPU\/24GB RAM\/600GB SSD disk kun lige omkring kr.100,- om m\u00e5neden og skal du have noget lignende andre lande i Europa eller USA, skal du op med omkring kr.1000,- om m\u00e5neden &#8211; eller mere&#8230;..<\/p>\n<p>Er man ligeglad med f.eks. SSD speed, men istedet beh\u00f8ver megameget plads p\u00e5 sin VPS, kan man istedet til n\u00e6sten samme pris v\u00e6lge en SSD boosted l\u00f8sning med 6 Core CPU\/30GB RAM\/2000GB HD\/1Gbit forbindelse &#8211; en s\u00e5dan l\u00f8sning kan du stort set ikke betale dig fra andre steder<\/p>\n<p>&nbsp;<\/p>\n<p>Det var derfor med sp\u00e6nding, vi gik igang med at r\u00e5teste Contabos VPS l\u00f8sninger.<\/p>\n<p>&nbsp;<\/p>\n<p>Vi testede SSD l\u00f8sningerne, da det var hvad de andre i testen tilb\u00f8d og m\u00e5 allerede fra f\u00f8rste \u00f8jeblik, tage hatten af for Contabos VPS l\u00f8sninger.<\/p>\n<p>Her er der absolut ogs\u00e5 styr p\u00e5 sagerne og man har fors\u00f8gt at holde al administration s\u00e5 enkel som muligt, men med alle n\u00f8dvendige features indenfor r\u00e6kkevidde via et styrepanel som ganske vist er minimalistisk i forhold til andre udbyderes, men befriende enkel og overskueligt at betjene &#8211; alt overfl\u00f8digt er sk\u00e5ret fra<\/p>\n<p>Selve KVM Virtual Private Server l\u00f8sningen er med voldsom power og en konfiguration, som bare ikke overg\u00e5es af nogen anden udbyder i Verden lige nu &#8211; her f\u00e5r du virkelig sm\u00e6k for skillingen.<\/p>\n<p>Man kan naturligvis ogs\u00e5 hos Contabo v\u00e6lge forskellige serversystemer som ready-to-install images med nyeste Linux versioner samt 2 forskellige typer af Windows Server 2012 i lejeversionen med en fast lav m\u00e5nedlig betaling<\/p>\n<p>De st\u00f8rste versioner af VPS l\u00f8sningerne hos Contabo, leveres med 1Gbit forbindelse mens de \u00f8vrige &#8211; indtil videre &#8211; leveres med 100Mbit forbindelse og alle med &#8216;ubegr\u00e6nset trafik&#8217; &#8211; ikke helt ubegr\u00e6nset idet man ved en meget voldsom trafik over en 5 dages konstant periode, kan f\u00e5 nedsat sin portspeed<\/p>\n<p>Herudover f\u00e5r man support p\u00e5 alle \u00e5rets dage, inclusive weekends og helligdage via email eller telefon<\/p>\n<p>&nbsp;<\/p>\n<p>Dette er virkelig VPS n\u00f8rdens himmerige &#8211; man f\u00e5r helt ekstremt meget i forhold til alle andre udbydere i Verden og samtidig er det hele nemt og enkelt at betjene og administrere.<\/p>\n<p>&nbsp;<\/p>\n<p>Enkelte minusser er bl.a. at man kun modtager betaling via PayPal og 3 andre lidt mere ukendte, men dog 100% brugbare betalingsl\u00f8sninger samt at VPS l\u00f8sningerne ikke alle er med 1Gbit forbindelse<\/p>\n<p>&nbsp;<\/p>\n<p>Hvis du ikke vil g\u00e5 ned p\u00e5 udstyr, s\u00e5 er <a href=\"https:\/\/contabo.com\/?show=vps\" target=\"_blank\" rel=\"noopener\">CONTABO<\/a> absolut stedet for dig &#8211; her f\u00e5r du max power til minimale priser!<\/p>\n<p>&nbsp;<\/p>\n<p>Derfor k\u00e5rer vi CONTABO til dette kvartals absolutte testvinder &#8211; langt foran konkurrenterne, men alligevel med plads til forbedringer&#8230;.<\/p>\n<p>&nbsp;<\/p>\n<p>CONTABO er pt. nr. 1 i Europa som udbyder af Virtual Private Server (VPS) l\u00f8sninger! Check deres VPS l\u00f8sninger her <a href=\"https:\/\/contabo.com\/?show=vps\" target=\"_blank\" rel=\"noopener\">https:\/\/contabo.com\/?show=vps<\/a><\/p>\n<p>&nbsp;<\/p>\n<p>&nbsp;<\/p>\n<p><em><strong>Vi \u00f8nsker <a href=\"https:\/\/contabo.com\/?show=vps\" target=\"_blank\" rel=\"noopener\">CONTABO <\/a>tillykke med den absolutte sejr og giver dem et &#8216;thumbs up&#8217; frem mod n\u00e6ste test!<\/strong><\/em><\/p>\n","protected":false},"excerpt":{"rendered":"<p>Der er ingen tvivl om, at Tyskland absolut er kampplads for Europas bedste Virtual Private Server (VPS) hostingudbydere! Alene det faktum, at alle 3 topplaceringer i vor test for 2. kvartal af 2017 om bedste VPS l\u00f8sning i Europa, kommer fra Tyskland, vidner om at det tyske VPS marked er pr\u00e6get af meget h\u00f8j konkurrence [&hellip;]<\/p>\n","protected":false},"author":1,"featured_media":0,"parent":0,"menu_order":0,"comment_status":"closed","ping_status":"closed","template":"","meta":{"jetpack_post_was_ever_published":false,"footnotes":""},"class_list":["post-50","page","type-page","status-publish","hentry"],"aioseo_notices":[],"jetpack_sharing_enabled":true,"jetpack_shortlink":"https:\/\/wp.me\/P8Rpj2-O","jetpack-related-posts":[{"id":34,"url":"https:\/\/vpstilbud.viborg.nu\/index.php\/dette-kvartals-vinder-af-vor-intensive-vps-test-er-fundet\/","url_meta":{"origin":50,"position":0},"title":"Dette kvartals vinder af vor intensive VPS test er fundet!","author":"admin","date":"1. juli 2017","format":false,"excerpt":"De seneste 3 m\u00e5neder har vi testet de 12 bedste Virtual Private Server (VPS) hostingselskaber i Europa. Vi har testet p\u00e5 alle kendte parametre og virkelig udf\u00f8rt stresstest i en s\u00e5dan grad, at hardwaren er trukket til det yderste for at vi har kunnet se om hardwaren holdt hvad udbyderen\u2026","rel":"","context":"Similar post","block_context":{"text":"Similar post","link":""},"img":{"alt_text":"","src":"https:\/\/www.paypalobjects.com\/da_DK\/i\/scr\/pixel.gif","width":350,"height":200},"classes":[]},{"id":47,"url":"https:\/\/vpstilbud.viborg.nu\/index.php\/en-flot-2-plads-til-hosteurope\/","url_meta":{"origin":50,"position":1},"title":"En flot 2. plads til Hosteurope&#8230;","author":"admin","date":"1. juli 2017","format":false,"excerpt":"Det m\u00e5 siges med det samme, det var en ren forn\u00f8jelse at teste Virtual Private Servere (VPS) hos Hosteurope! Her er der ingen slinger i valsen, ordnung muss sein og det er der absolut hos Hosteurope - ingen tvivl om det. \u00a0 Alle VPS l\u00f8sninger k\u00f8rer 100% p\u00e5 SSD diske\u2026","rel":"","context":"Similar post","block_context":{"text":"Similar post","link":""},"img":{"alt_text":"vps,virtual,private,server,hosteurope,test,europe,europa","src":"https:\/\/i0.wp.com\/vpstilbud.viborg.nu\/wp-content\/uploads\/2017\/07\/hosteur%C3%B3pessd.jpg?resize=350%2C200&ssl=1","width":350,"height":200,"srcset":"https:\/\/i0.wp.com\/vpstilbud.viborg.nu\/wp-content\/uploads\/2017\/07\/hosteur%C3%B3pessd.jpg?resize=350%2C200&ssl=1 1x, https:\/\/i0.wp.com\/vpstilbud.viborg.nu\/wp-content\/uploads\/2017\/07\/hosteur%C3%B3pessd.jpg?resize=525%2C300&ssl=1 1.5x, https:\/\/i0.wp.com\/vpstilbud.viborg.nu\/wp-content\/uploads\/2017\/07\/hosteur%C3%B3pessd.jpg?resize=700%2C400&ssl=1 2x"},"classes":[]},{"id":40,"url":"https:\/\/vpstilbud.viborg.nu\/index.php\/en-god-praestation-men-3-plads-til-hetzner\/","url_meta":{"origin":50,"position":2},"title":"En god pr\u00e6station, men 3. plads til Hetzner","author":"admin","date":"1. juli 2017","format":false,"excerpt":"Hvis man er til virkelig at n\u00f8rde omkring sin Virtual Private Server (VPS) l\u00f8sning, s\u00e5 er HETZNER et virkeligt godt bud p\u00e5 din nye VPS hostudbyder. Du kan via et omfangsrigt betjeningspanel stille p\u00e5 n\u00e6sten alle parametre, du kan k\u00f8re i s\u00e5kaldt 'rescue-mode', hvor du kan n\u00f8rde omkring forskellige settings\u2026","rel":"","context":"Similar post","block_context":{"text":"Similar post","link":""},"img":{"alt_text":"vps,virtual,private,server,hetzner,europa,europe","src":"https:\/\/i0.wp.com\/vpstilbud.viborg.nu\/wp-content\/uploads\/2017\/07\/hetznerssdvps.jpg?resize=350%2C200&ssl=1","width":350,"height":200,"srcset":"https:\/\/i0.wp.com\/vpstilbud.viborg.nu\/wp-content\/uploads\/2017\/07\/hetznerssdvps.jpg?resize=350%2C200&ssl=1 1x, https:\/\/i0.wp.com\/vpstilbud.viborg.nu\/wp-content\/uploads\/2017\/07\/hetznerssdvps.jpg?resize=525%2C300&ssl=1 1.5x"},"classes":[]}],"jetpack_likes_enabled":true,"_links":{"self":[{"href":"https:\/\/vpstilbud.viborg.nu\/index.php\/wp-json\/wp\/v2\/pages\/50","targetHints":{"allow":["GET"]}}],"collection":[{"href":"https:\/\/vpstilbud.viborg.nu\/index.php\/wp-json\/wp\/v2\/pages"}],"about":[{"href":"https:\/\/vpstilbud.viborg.nu\/index.php\/wp-json\/wp\/v2\/types\/page"}],"author":[{"embeddable":true,"href":"https:\/\/vpstilbud.viborg.nu\/index.php\/wp-json\/wp\/v2\/users\/1"}],"replies":[{"embeddable":true,"href":"https:\/\/vpstilbud.viborg.nu\/index.php\/wp-json\/wp\/v2\/comments?post=50"}],"version-history":[{"count":4,"href":"https:\/\/vpstilbud.viborg.nu\/index.php\/wp-json\/wp\/v2\/pages\/50\/revisions"}],"predecessor-version":[{"id":82,"href":"https:\/\/vpstilbud.viborg.nu\/index.php\/wp-json\/wp\/v2\/pages\/50\/revisions\/82"}],"wp:attachment":[{"href":"https:\/\/vpstilbud.viborg.nu\/index.php\/wp-json\/wp\/v2\/media?parent=50"}],"curies":[{"name":"wp","href":"https:\/\/api.w.org\/{rel}","templated":true}]}}